{"id":182,"date":"2016-12-06T21:58:27","date_gmt":"2016-12-06T20:58:27","guid":{"rendered":"http:\/\/yummi.blog.pl\/?page_id=182"},"modified":"2024-01-02T01:22:10","modified_gmt":"2024-01-02T00:22:10","slug":"boze-narodzenie","status":"publish","type":"page","link":"https:\/\/yummytummy.pl\/index.php\/boze-narodzenie\/","title":{"rendered":"BO\u017bE NARODZENIE"},"content":{"rendered":"<p class=\"wp-caption\"><span style=\"color: #000000; font-family: arial black,avant garde;\">Plan prac przed Bo\u017cym Narodzeniem:<\/span><\/p>\n<p>&nbsp;<\/p>\n<p>ok.10 listopada &#8211; zrobi\u0107 uszka do barszczu i zamrozi\u0107<\/p>\n<p>15 listopada &#8211; nastawi\u0107 ciasto na piernik dojrzewaj\u0105cy<\/p>\n<p>w kolejnych wolnych dniach : upiec kruche ciasteczka, r\u00f3wnie\u017c na choink\u0119<br \/>\nupiec pierniczki<\/p>\n<p>!!! koniecznie &#8211; sprawdzi\u0107 lampki na choink\u0119!<\/p>\n<p>je\u015bli dokupuje bombki to tylko w Brico Marche lub Domu Ch\u0142opa<\/p>\n<p>kupi\u0107 w\u0142osy anielskie<\/p>\n<p>kupi\u0107 kartki \u015bwi\u0105teczne i wys\u0142a\u0107<\/p>\n<p>przed Miko\u0142ajem &#8211; zrobi\u0107 akcj\u0119 &#8222;Piszemy listy do Miko\u0142aja&#8221;<\/p>\n<p>zrobi\u0107 bigos do s\u0142oik\u00f3w<\/p>\n<p>zrobi\u0107 kapust\u0119 z grzybami do s\u0142oik\u00f3w<\/p>\n<p>zrobi\u0107 stroiki<\/p>\n<p>15-16 grudnia &#8211; wstawi\u0107 zakwas na barszcz mo\u017ce by\u0107 wcze\u015bniej<\/p>\n<p>18 grudnia &#8211; upiec 3 blaty piernika<\/p>\n<p>19 grudnia &#8211; upiec keks, zrobi\u0107 kapust\u0119 czerwon\u0105 do s\u0142oika, przyprawi\u0107 mi\u0119so do szynkowara, prze\u0142o\u017cy\u0107 pierniki d\u017cemem i przygnie\u015b\u0107<\/p>\n<p>20 grudnia &#8211; kupi\u0107 i namoczy\u0107 \u015bledzie (lub wcze\u015bniej), moczy\u0107 w wodzie z kieliszkiem octu i zielem angielskim, upiec placki do orzechowca, pokruszy\u0107 orzechy, ugotowa\u0107 szynkowar<\/p>\n<p>21 grudnia &#8211; zrobi\u0107 \u015bledzie do s\u0142oik\u00f3w lub wcze\u015bniej, w\u0142o\u017cy\u0107 szynkowar do lod\u00f3wki<\/p>\n<p>22 grudnia &#8211; kupi\u0107 bia\u0142\u0105 kapust\u0119, kupi\u0107 1,5 kg sera na sernik, wyj\u0105\u0107 ryb\u0119 z zamra\u017calnika, posypa\u0107 sol\u0105 i skropi\u0107 sokiem z cytryny,namoczy\u0107 mak na makowiec,<\/p>\n<p>23 grudnia &#8211; namoczy\u0107 fasol\u0119, zrobi\u0107 ryb\u0119 po grecku, upiec sernik, zala\u0107 wrz\u0105tkiem owoce suszone na kompot, odebra\u0107 pierogi i krokiety, ugotowa\u0107 wywar do barszczu, zrobi\u0107 masy do orzechowca, polukrowa\u0107 pierniczki, polukrowa\u0107 keks, zrobi\u0107 mas\u0119 makow\u0105 i makowiec, polukrowa\u0107<\/p>\n<p>24 grudnia &#8211; zrobi\u0107 kapust\u0119 z fasol\u0105, doprawi\u0107 kompot z suszu, usma\u017cy\u0107 karpia, zrobi\u0107 sur\u00f3wk\u0119 z marchwi i jab\u0142ek lub z selera, wyj\u0105\u0107 mi\u0119so z szybkowara, zrobi\u0107 polew\u0119 na sernik, doprawi\u0107 barszcz<\/p>\n","protected":false},"excerpt":{"rendered":"<p>Plan prac przed Bo\u017cym Narodzeniem: &nbsp; ok.10 listopada &#8211; zrobi\u0107 uszka do barszczu i zamrozi\u0107 15 listopada &#8211; nastawi\u0107 ciasto na piernik dojrzewaj\u0105cy w kolejnych wolnych dniach : upiec kruche ciasteczka, r\u00f3wnie\u017c na choink\u0119 upiec pierniczki !!! koniecznie &#8211; sprawdzi\u0107 lampki na choink\u0119! je\u015bli dokupuje bombki to tylko w Brico Marche lub Domu Ch\u0142opa kupi\u0107 &hellip; <a href=\"https:\/\/yummytummy.pl\/index.php\/boze-narodzenie\/\" class=\"more-link\">Czytaj dalej <span class=\"screen-reader-text\">BO\u017bE NARODZENIE<\/span><\/a><\/p>\n","protected":false},"author":1,"featured_media":195,"parent":0,"menu_order":0,"comment_status":"closed","ping_status":"closed","template":"","meta":{"footnotes":""},"class_list":["post-182","page","type-page","status-publish","has-post-thumbnail","hentry"],"_links":{"self":[{"href":"https:\/\/yummytummy.pl\/index.php\/wp-json\/wp\/v2\/pages\/182","targetHints":{"allow":["GET"]}}],"collection":[{"href":"https:\/\/yummytummy.pl\/index.php\/wp-json\/wp\/v2\/pages"}],"about":[{"href":"https:\/\/yummytummy.pl\/index.php\/wp-json\/wp\/v2\/types\/page"}],"author":[{"embeddable":true,"href":"https:\/\/yummytummy.pl\/index.php\/wp-json\/wp\/v2\/users\/1"}],"replies":[{"embeddable":true,"href":"https:\/\/yummytummy.pl\/index.php\/wp-json\/wp\/v2\/comments?post=182"}],"version-history":[{"count":4,"href":"https:\/\/yummytummy.pl\/index.php\/wp-json\/wp\/v2\/pages\/182\/revisions"}],"predecessor-version":[{"id":882,"href":"https:\/\/yummytummy.pl\/index.php\/wp-json\/wp\/v2\/pages\/182\/revisions\/882"}],"wp:featuredmedia":[{"embeddable":true,"href":"https:\/\/yummytummy.pl\/index.php\/wp-json\/wp\/v2\/media\/195"}],"wp:attachment":[{"href":"https:\/\/yummytummy.pl\/index.php\/wp-json\/wp\/v2\/media?parent=182"}],"curies":[{"name":"wp","href":"https:\/\/api.w.org\/{rel}","templated":true}]}}