{"id":178,"date":"2016-12-06T21:37:56","date_gmt":"2016-12-06T20:37:56","guid":{"rendered":"http:\/\/yummi.blog.pl\/?page_id=178"},"modified":"2020-04-04T13:45:48","modified_gmt":"2020-04-04T11:45:48","slug":"wielkanoc","status":"publish","type":"page","link":"https:\/\/yummytummy.pl\/index.php\/wielkanoc\/","title":{"rendered":"WIELKANOC"},"content":{"rendered":"<p>Oto kalendarz prac przed Wielkanoc\u0105:<\/p>\n<p>2 tygodnie przed Wielkanoc\u0105 nastawi\u0107 zakwas w 2 s\u0142oikach (lub kupi\u0107 :))).<\/p>\n<p>1 tydzie\u0144 przed &#8211; utrze\u0107 1 lask\u0119 chrzanu do s\u0142oiczka, kupi\u0107 medaliony z indyka 10 sztuk, przyprawi\u0107 i zamrozi\u0107,<\/p>\n<p>\u015aRODA:<\/p>\n<p>Wyj\u0105\u0107 z zamra\u017carki mi\u0119so na pasztet (z samego rana)<\/p>\n<p>Ugotowa\u0107 mi\u0119so do pasztetu i zostawi\u0107 na noc w wywarze<\/p>\n<p>Wielki Czwartek:<\/p>\n<p>1.I\u015b\u0107 rano na rynek i kupi\u0107 3 kg bia\u0142ej kie\u0142basy<\/p>\n<p>2. Potem zaj\u015b\u0107 do Inter Marche i kupi\u0107 1,5 kg sera bia\u0142ego t\u0142ustego lub p\u00f3\u0142t\u0142ustego (najlepiej Pacynka)<\/p>\n<p>3.Kupi\u0107 sa\u0142at\u0119, rukol\u0119, rzodkiewk\u0119, 2 og\u00f3rki, 4 pomidory, cytryn\u0119.<\/p>\n<p>4. Ser przecisn\u0105\u0107 przez prask\u0119 lub przekr\u0119ci\u0107 przez maszynk\u0119 2 razy.<\/p>\n<p>5. Kupi\u0107 w sklepie rybnym 3 kg filet\u00f3w z morszczuka (zamro\u017conych)<\/p>\n<p>6. Kupi\u0107 2 ja\u0142owcowe do koszyczka<\/p>\n<p>7.Wysprz\u0105ta\u0107 na tip-top (wytrzepa\u0107 narzut\u0119 z kanapy, przemy\u0107 lampy, przemy\u0107 drzwi, wysprz\u0105ta\u0107 \u0142azienk\u0119: lustro, wanna, WC, pod\u0142oga, szafa, wymy\u0107 pod\u0142ogi, odkurzy\u0107 wycieraczk\u0119 przed drzwiami, wytrze\u0107 murek, wytrze\u0107 kurze z szafek.<\/p>\n<p>8.Przygotowa\u0107 koszyczek do \u015bwi\u0119conki<\/p>\n<p>9.mo\u017cna zrobi\u0107 pasztet lub w pi\u0105tek.<\/p>\n<p>WIELKI PI\u0104TEK:<\/p>\n<p>1.Upiec sernik<\/p>\n<p>2.upiec babk\u0119 kokosow\u0105<\/p>\n<p>3.zrobi\u0107 pasztet, wywar zostawi\u0107 do \u017curku.<\/p>\n<p>4.wyj\u0105\u0107 schab z zamra\u017calnika<\/p>\n<p>5.upiec babk\u0119 piaskow\u0105 (pomara\u0144czow\u0105)<\/p>\n<p>6.zrobi\u0107 sos do ryby po grecku<\/p>\n<p>7.upiec ryb\u0119 &#8211; zrobi\u0107 ryb\u0119 po grecku<\/p>\n<p>8.zrobi\u0107 sos tatarski<\/p>\n<p>9.doprawi\u0107 chrzan i \u0107wik\u0142\u0119.<\/p>\n<p>SOBOTA:<br \/>\n1.Ugotowa\u0107 \u017curek<\/p>\n<p>2.zrobi\u0107 sa\u0142atk\u0119<\/p>\n<p>3.I\u015b\u0107 ze \u015bwi\u0119conk\u0105<br \/>\n4.doprawi\u0107 chrzan i \u0107wik\u0142\u0119 je\u015bli nie zrobi\u0142am tego w pi\u0105tek<\/p>\n","protected":false},"excerpt":{"rendered":"<p>Oto kalendarz prac przed Wielkanoc\u0105: 2 tygodnie przed Wielkanoc\u0105 nastawi\u0107 zakwas w 2 s\u0142oikach (lub kupi\u0107 :))). 1 tydzie\u0144 przed &#8211; utrze\u0107 1 lask\u0119 chrzanu do s\u0142oiczka, kupi\u0107 medaliony z indyka 10 sztuk, przyprawi\u0107 i zamrozi\u0107, \u015aRODA: Wyj\u0105\u0107 z zamra\u017carki mi\u0119so na pasztet (z samego rana) Ugotowa\u0107 mi\u0119so do pasztetu i zostawi\u0107 na noc w &hellip; <a href=\"https:\/\/yummytummy.pl\/index.php\/wielkanoc\/\" class=\"more-link\">Czytaj dalej <span class=\"screen-reader-text\">WIELKANOC<\/span><\/a><\/p>\n","protected":false},"author":1,"featured_media":612,"parent":0,"menu_order":0,"comment_status":"closed","ping_status":"closed","template":"","meta":{"footnotes":""},"class_list":["post-178","page","type-page","status-publish","has-post-thumbnail","hentry"],"_links":{"self":[{"href":"https:\/\/yummytummy.pl\/index.php\/wp-json\/wp\/v2\/pages\/178","targetHints":{"allow":["GET"]}}],"collection":[{"href":"https:\/\/yummytummy.pl\/index.php\/wp-json\/wp\/v2\/pages"}],"about":[{"href":"https:\/\/yummytummy.pl\/index.php\/wp-json\/wp\/v2\/types\/page"}],"author":[{"embeddable":true,"href":"https:\/\/yummytummy.pl\/index.php\/wp-json\/wp\/v2\/users\/1"}],"replies":[{"embeddable":true,"href":"https:\/\/yummytummy.pl\/index.php\/wp-json\/wp\/v2\/comments?post=178"}],"version-history":[{"count":1,"href":"https:\/\/yummytummy.pl\/index.php\/wp-json\/wp\/v2\/pages\/178\/revisions"}],"predecessor-version":[{"id":577,"href":"https:\/\/yummytummy.pl\/index.php\/wp-json\/wp\/v2\/pages\/178\/revisions\/577"}],"wp:featuredmedia":[{"embeddable":true,"href":"https:\/\/yummytummy.pl\/index.php\/wp-json\/wp\/v2\/media\/612"}],"wp:attachment":[{"href":"https:\/\/yummytummy.pl\/index.php\/wp-json\/wp\/v2\/media?parent=178"}],"curies":[{"name":"wp","href":"https:\/\/api.w.org\/{rel}","templated":true}]}}