{"id":116,"date":"2016-09-13T19:47:01","date_gmt":"2016-09-13T17:47:01","guid":{"rendered":"http:\/\/yummi.blog.pl\/?page_id=116"},"modified":"2016-09-13T19:47:01","modified_gmt":"2016-09-13T17:47:01","slug":"zestawy-przyjeciowo-obiadowe","status":"publish","type":"page","link":"https:\/\/yummytummy.pl\/index.php\/zestawy-przyjeciowo-obiadowe\/","title":{"rendered":"Zestawy"},"content":{"rendered":"<p>Warto mie\u0107 gotowe zestawy \u017ceby wiedzie\u0107 co zrobi\u0107 i w jakich ilo\u015bciach, po prostu takie gotowce.<\/p>\n","protected":false},"excerpt":{"rendered":"<p>Warto mie\u0107 gotowe zestawy \u017ceby wiedzie\u0107 co zrobi\u0107 i w jakich ilo\u015bciach, po prostu takie gotowce.<\/p>\n","protected":false},"author":1,"featured_media":0,"parent":0,"menu_order":0,"comment_status":"closed","ping_status":"closed","template":"","meta":{"footnotes":""},"class_list":["post-116","page","type-page","status-publish","hentry"],"_links":{"self":[{"href":"https:\/\/yummytummy.pl\/index.php\/wp-json\/wp\/v2\/pages\/116","targetHints":{"allow":["GET"]}}],"collection":[{"href":"https:\/\/yummytummy.pl\/index.php\/wp-json\/wp\/v2\/pages"}],"about":[{"href":"https:\/\/yummytummy.pl\/index.php\/wp-json\/wp\/v2\/types\/page"}],"author":[{"embeddable":true,"href":"https:\/\/yummytummy.pl\/index.php\/wp-json\/wp\/v2\/users\/1"}],"replies":[{"embeddable":true,"href":"https:\/\/yummytummy.pl\/index.php\/wp-json\/wp\/v2\/comments?post=116"}],"version-history":[{"count":0,"href":"https:\/\/yummytummy.pl\/index.php\/wp-json\/wp\/v2\/pages\/116\/revisions"}],"wp:attachment":[{"href":"https:\/\/yummytummy.pl\/index.php\/wp-json\/wp\/v2\/media?parent=116"}],"curies":[{"name":"wp","href":"https:\/\/api.w.org\/{rel}","templated":true}]}}